{"id":31,"date":"2022-12-28T19:36:48","date_gmt":"2022-12-28T19:36:48","guid":{"rendered":"http:\/\/www.tiendabsrcantabria.com\/?page_id=31"},"modified":"2022-12-28T19:36:48","modified_gmt":"2022-12-28T19:36:48","slug":"pagina-de-inicio","status":"publish","type":"page","link":"https:\/\/www.tiendabsrcantabria.com\/index.php\/pagina-de-inicio\/","title":{"rendered":"P\u00e1gina de inicio"},"content":{"rendered":"\n<p>\u00a1Te damos la bienvenida a tu sitio! Esta es tu p\u00e1gina de inicio, que es la que la mayor\u00eda de visitantes ver\u00e1n cuando vengan a tu sitio por primera vez.<\/p>\n","protected":false},"excerpt":{"rendered":"<p>\u00a1Te damos la bienvenida a tu sitio! Esta es tu p\u00e1gina de inicio, que es la que la mayor\u00eda de visitantes ver\u00e1n cuando vengan a tu sitio por primera vez.<\/p>\n","protected":false},"author":1,"featured_media":0,"parent":0,"menu_order":0,"comment_status":"closed","ping_status":"closed","template":"template-fullwidth.php","meta":{"footnotes":""},"class_list":["post-31","page","type-page","status-publish","hentry"],"blocksy_meta":[],"_links":{"self":[{"href":"https:\/\/www.tiendabsrcantabria.com\/index.php\/wp-json\/wp\/v2\/pages\/31","targetHints":{"allow":["GET"]}}],"collection":[{"href":"https:\/\/www.tiendabsrcantabria.com\/index.php\/wp-json\/wp\/v2\/pages"}],"about":[{"href":"https:\/\/www.tiendabsrcantabria.com\/index.php\/wp-json\/wp\/v2\/types\/page"}],"author":[{"embeddable":true,"href":"https:\/\/www.tiendabsrcantabria.com\/index.php\/wp-json\/wp\/v2\/users\/1"}],"replies":[{"embeddable":true,"href":"https:\/\/www.tiendabsrcantabria.com\/index.php\/wp-json\/wp\/v2\/comments?post=31"}],"version-history":[{"count":1,"href":"https:\/\/www.tiendabsrcantabria.com\/index.php\/wp-json\/wp\/v2\/pages\/31\/revisions"}],"predecessor-version":[{"id":42,"href":"https:\/\/www.tiendabsrcantabria.com\/index.php\/wp-json\/wp\/v2\/pages\/31\/revisions\/42"}],"wp:attachment":[{"href":"https:\/\/www.tiendabsrcantabria.com\/index.php\/wp-json\/wp\/v2\/media?parent=31"}],"curies":[{"name":"wp","href":"https:\/\/api.w.org\/{rel}","templated":true}]}}